{"id":5640,"date":"2018-05-30T11:40:30","date_gmt":"2018-05-30T11:40:30","guid":{"rendered":"http:\/\/dannci.wpmasters.org\/cultera\/?page_id=5640"},"modified":"2026-02-11T14:54:12","modified_gmt":"2026-02-11T14:54:12","slug":"blog-masonry-3","status":"publish","type":"page","link":"https:\/\/romanens.net\/?page_id=5640","title":{"rendered":"Th\u00e9\u00e2tre"},"content":{"rendered":"\t\t<div data-elementor-type=\"wp-post\" data-elementor-id=\"5640\" class=\"elementor elementor-5640\">\n\t\t\t\t\t\t<section class=\"elementor-section elementor-top-section elementor-element elementor-element-af4a336 elementor-section-boxed elementor-section-height-default elementor-section-height-default\" data-id=\"af4a336\" data-element_type=\"section\" data-settings=\"{&quot;background_background&quot;:&quot;classic&quot;}\">\n\t\t\t\t\t\t<div class=\"elementor-container elementor-column-gap-no\">\n\t\t\t\t\t<div class=\"elementor-column elementor-col-100 elementor-top-column elementor-element elementor-element-d8c0c89\" data-id=\"d8c0c89\" data-element_type=\"column\">\n\t\t\t<div class=\"elementor-widget-wrap elementor-element-populated\">\n\t\t\t\t\t\t<div class=\"elementor-element elementor-element-e0774f2 elementor-widget elementor-widget-heading\" data-id=\"e0774f2\" data-element_type=\"widget\" data-widget_type=\"heading.default\">\n\t\t\t\t<div class=\"elementor-widget-container\">\n\t\t\t\t\t<h2 class=\"elementor-heading-title elementor-size-default\">Nos cr\u00e9ations<\/h2>\t\t\t\t<\/div>\n\t\t\t\t<\/div>\n\t\t\t\t\t<\/div>\n\t\t<\/div>\n\t\t\t\t\t<\/div>\n\t\t<\/section>\n\t\t\t\t<section class=\"elementor-section elementor-top-section elementor-element elementor-element-7f1746a elementor-section-boxed elementor-section-height-default elementor-section-height-default\" data-id=\"7f1746a\" data-element_type=\"section\" data-settings=\"{&quot;background_background&quot;:&quot;classic&quot;}\">\n\t\t\t\t\t\t<div class=\"elementor-container elementor-column-gap-no\">\n\t\t\t\t\t<div class=\"elementor-column elementor-col-100 elementor-top-column elementor-element elementor-element-213f2c0\" data-id=\"213f2c0\" data-element_type=\"column\">\n\t\t\t<div class=\"elementor-widget-wrap elementor-element-populated\">\n\t\t\t\t\t\t<div class=\"elementor-element elementor-element-c60211a elementor-widget elementor-widget-wp-widget-cultera_eleblog_masonry\" data-id=\"c60211a\" data-element_type=\"widget\" data-widget_type=\"wp-widget-cultera_eleblog_masonry.default\">\n\t\t\t\t<div class=\"elementor-widget-container\">\n\t\t\t\t\t\t\t\r\n\t\t\t\t\r\n        \t            \r\n\t\t\t            <div class=\"layout_masonry_2\">\r\n            \r\n            \t<div class=\"blogger\">\r\n            \r\n\t\t\t\t\t          \t<div class=\"item masonry_item p-border post-6880 post type-post status-publish format-standard has-post-thumbnail hentry category-homepage category-theatre\">               \t\r\n\t\t\t\r\n\t\t\t\t            \r\n                    <div class=\"entryhead\">\r\n                        \r\n                                            \r\n                        <div class=\"icon-rating tranz\"><\/div>\r\n                        \r\n                        <div class=\"imgwrap\">\r\n                            \r\n                            <a href=\"https:\/\/romanens.net\/?p=6880\">\r\n                                <img fetchpriority=\"high\" decoding=\"async\" width=\"458\" height=\"458\" src=\"https:\/\/romanens.net\/wp-content\/uploads\/2026\/02\/ROMANENSCALPINI_COVER_DEF-glisses-pdf.jpg\" class=\"standard grayscale grayscale-fade wp-post-image\" alt=\"\" \/>                            <\/a>\r\n                    \r\n                        <\/div>\r\n                    \r\n                    <\/div><!-- end .entryhead -->\r\n                    \r\n                    \r\n    \r\n            \t<div class=\"item_inn tranz\">\r\n                \r\n                \t<h2 class=\"posttitle\"><a class=\"link link--forsure\" href=\"https:\/\/romanens.net\/?p=6880\">Electrographies &#8211; Romanens \/Calpini<\/a><\/h2>\r\n                \r\n                \t   \r\n\t<p class=\"meta meta_full \">\r\n\t\t<span class=\"post-date\">11 f\u00e9vrier 2026<\/span>\r\n    <\/p>\r\n                    \r\n                    <p class=\"teaser\">Sur sc\u00e8ne, deux fortes personnalit\u00e9s artistiques, entre concert et r\u00e9cit. Electrographies est le fruit d\u2019une rencontre artistique et amicale, \u00e0 la fois introspective et ludique, en cr\u00e9ation \u00e0<span class=\"helip\">...<\/span><\/p>\r\n                \r\n                \t   \r\n\t<span class=\"meta_more \">\r\n    \t\t<a class=\"p-border\" href=\"https:\/\/romanens.net\/?p=6880\">Lire plus...<\/a>\r\n\r\n    <\/span>\r\n                     \r\n                \r\n                <\/div><!-- end .item_inn -->\r\n        \r\n            <\/div>          \t<div class=\"item masonry_item p-border post-6360 post type-post status-publish format-standard has-post-thumbnail hentry category-homepage category-theatre\">               \t\r\n\t\t\t\r\n\t\t\t\t            \r\n                    <div class=\"entryhead\">\r\n                        \r\n                                            \r\n                        <div class=\"icon-rating tranz\"><\/div>\r\n                        \r\n                        <div class=\"imgwrap\">\r\n                            \r\n                            <a href=\"https:\/\/romanens.net\/?p=6360\">\r\n                                <img decoding=\"async\" width=\"458\" height=\"584\" src=\"https:\/\/romanens.net\/wp-content\/uploads\/2023\/08\/4039_\u00a9Mercedes-Riedy-e1715694047214-458x584.jpg\" class=\"standard grayscale grayscale-fade wp-post-image\" alt=\"\" srcset=\"https:\/\/romanens.net\/wp-content\/uploads\/2023\/08\/4039_\u00a9Mercedes-Riedy-e1715694047214-458x584.jpg 458w, https:\/\/romanens.net\/wp-content\/uploads\/2023\/08\/4039_\u00a9Mercedes-Riedy-e1715694047214-235x300.jpg 235w, https:\/\/romanens.net\/wp-content\/uploads\/2023\/08\/4039_\u00a9Mercedes-Riedy-e1715694047214.jpg 593w\" sizes=\"(max-width: 458px) 100vw, 458px\" \/>                            <\/a>\r\n                    \r\n                        <\/div>\r\n                    \r\n                    <\/div><!-- end .entryhead -->\r\n                    \r\n                    \r\n    \r\n            \t<div class=\"item_inn tranz\">\r\n                \r\n                \t<h2 class=\"posttitle\"><a class=\"link link--forsure\" href=\"https:\/\/romanens.net\/?p=6360\">Chapitres de la chute &#8211; Saga des Lehman Brothers<\/a><\/h2>\r\n                \r\n                \t   \r\n\t<p class=\"meta meta_full \">\r\n\t\t<span class=\"post-date\">20 mai 2024<\/span>\r\n    <\/p>\r\n                    \r\n                    <p class=\"teaser\">de Stefano Massini (traduction par Pietro Pizzuti) par Thierry Romanens,Dany Petermann & Format A\u20193\nDur\u00e9e: 125 min \u2014 Tout public d\u00e8s 12 ans<span class=\"helip\">...<\/span><\/p>\r\n                \r\n                \t   \r\n\t<span class=\"meta_more \">\r\n    \t\t<a class=\"p-border\" href=\"https:\/\/romanens.net\/?p=6360\">Lire plus...<\/a>\r\n\r\n    <\/span>\r\n                     \r\n                \r\n                <\/div><!-- end .item_inn -->\r\n        \r\n            <\/div>          \t<div class=\"item masonry_item p-border post-5971 post type-post status-publish format-standard has-post-thumbnail hentry category-homepage category-theatre\">               \t\r\n\t\t\t\r\n\t\t\t\t            \r\n                    <div class=\"entryhead\">\r\n                        \r\n                                            \r\n                        <div class=\"icon-rating tranz\"><\/div>\r\n                        \r\n                        <div class=\"imgwrap\">\r\n                            \r\n                            <a href=\"https:\/\/romanens.net\/?p=5971\">\r\n                                <img decoding=\"async\" width=\"458\" height=\"306\" src=\"https:\/\/romanens.net\/wp-content\/uploads\/2022\/10\/COURIR\u00a9MercedesRiedy__MER3040-458x306.jpg\" class=\"standard grayscale grayscale-fade wp-post-image\" alt=\"\" srcset=\"https:\/\/romanens.net\/wp-content\/uploads\/2022\/10\/COURIR\u00a9MercedesRiedy__MER3040-458x306.jpg 458w, https:\/\/romanens.net\/wp-content\/uploads\/2022\/10\/COURIR\u00a9MercedesRiedy__MER3040-300x200.jpg 300w, https:\/\/romanens.net\/wp-content\/uploads\/2022\/10\/COURIR\u00a9MercedesRiedy__MER3040-1024x683.jpg 1024w, https:\/\/romanens.net\/wp-content\/uploads\/2022\/10\/COURIR\u00a9MercedesRiedy__MER3040-768x512.jpg 768w, https:\/\/romanens.net\/wp-content\/uploads\/2022\/10\/COURIR\u00a9MercedesRiedy__MER3040-1536x1025.jpg 1536w, https:\/\/romanens.net\/wp-content\/uploads\/2022\/10\/COURIR\u00a9MercedesRiedy__MER3040-2048x1367.jpg 2048w\" sizes=\"(max-width: 458px) 100vw, 458px\" \/>                            <\/a>\r\n                    \r\n                        <\/div>\r\n                    \r\n                    <\/div><!-- end .entryhead -->\r\n                    \r\n                    \r\n    \r\n            \t<div class=\"item_inn tranz\">\r\n                \r\n                \t<h2 class=\"posttitle\"><a class=\"link link--forsure\" href=\"https:\/\/romanens.net\/?p=5971\">Courir<\/a><\/h2>\r\n                \r\n                \t   \r\n\t<p class=\"meta meta_full \">\r\n\t\t<span class=\"post-date\">20 mai 2024<\/span>\r\n    <\/p>\r\n                    \r\n                    <p class=\"teaser\">D\u2019apr\u00e8s le roman de Jean Echenoz, raconte l\u2019aventure palpitante du coureur de fond tch\u00e8que Emil Zatopek \u2014 Thierry Romanens & Robert Sandoz\nDur\u00e9e : 75 minutes \u2014 D\u00e8s 12 ans<span class=\"helip\">...<\/span><\/p>\r\n                \r\n                \t   \r\n\t<span class=\"meta_more \">\r\n    \t\t<a class=\"p-border\" href=\"https:\/\/romanens.net\/?p=5971\">Lire plus...<\/a>\r\n\r\n    <\/span>\r\n                     \r\n                \r\n                <\/div><!-- end .item_inn -->\r\n        \r\n            <\/div>          \t<div class=\"item masonry_item p-border post-6601 post type-post status-publish format-standard has-post-thumbnail hentry category-homepage category-theatre\">               \t\r\n\t\t\t\r\n\t\t\t\t            \r\n                    <div class=\"entryhead\">\r\n                        \r\n                                            \r\n                        <div class=\"icon-rating tranz\"><\/div>\r\n                        \r\n                        <div class=\"imgwrap\">\r\n                            \r\n                            <a href=\"https:\/\/romanens.net\/?p=6601\">\r\n                                <img loading=\"lazy\" decoding=\"async\" width=\"458\" height=\"305\" src=\"https:\/\/romanens.net\/wp-content\/uploads\/2023\/02\/EAV\u00a9GuillaumePerret_GPE-0174-458x305.jpg\" class=\"standard grayscale grayscale-fade wp-post-image\" alt=\"\" srcset=\"https:\/\/romanens.net\/wp-content\/uploads\/2023\/02\/EAV\u00a9GuillaumePerret_GPE-0174-458x305.jpg 458w, https:\/\/romanens.net\/wp-content\/uploads\/2023\/02\/EAV\u00a9GuillaumePerret_GPE-0174-300x200.jpg 300w, https:\/\/romanens.net\/wp-content\/uploads\/2023\/02\/EAV\u00a9GuillaumePerret_GPE-0174-1024x683.jpg 1024w, https:\/\/romanens.net\/wp-content\/uploads\/2023\/02\/EAV\u00a9GuillaumePerret_GPE-0174-768x512.jpg 768w, https:\/\/romanens.net\/wp-content\/uploads\/2023\/02\/EAV\u00a9GuillaumePerret_GPE-0174-1536x1025.jpg 1536w, https:\/\/romanens.net\/wp-content\/uploads\/2023\/02\/EAV\u00a9GuillaumePerret_GPE-0174-2048x1366.jpg 2048w\" sizes=\"(max-width: 458px) 100vw, 458px\" \/>                            <\/a>\r\n                    \r\n                        <\/div>\r\n                    \r\n                    <\/div><!-- end .entryhead -->\r\n                    \r\n                    \r\n    \r\n            \t<div class=\"item_inn tranz\">\r\n                \r\n                \t<h2 class=\"posttitle\"><a class=\"link link--forsure\" href=\"https:\/\/romanens.net\/?p=6601\">En Attendant Voisard<\/a><\/h2>\r\n                \r\n                \t   \r\n\t<p class=\"meta meta_full \">\r\n\t\t<span class=\"post-date\">19 mai 2024<\/span>\r\n    <\/p>\r\n                    \r\n                    <p class=\"teaser\">Texte d'Alexandre Voisard \u2014 Thierry Romanens\nDur\u00e9e : 65 minutes \u2014 D\u00e8s 12 ans<span class=\"helip\">...<\/span><\/p>\r\n                \r\n                \t   \r\n\t<span class=\"meta_more \">\r\n    \t\t<a class=\"p-border\" href=\"https:\/\/romanens.net\/?p=6601\">Lire plus...<\/a>\r\n\r\n    <\/span>\r\n                     \r\n                \r\n                <\/div><!-- end .item_inn -->\r\n        \r\n            <\/div>          \t<div class=\"item masonry_item p-border post-1364 post type-post status-publish format-standard has-post-thumbnail hentry category-homepage category-theatre\">               \t\r\n\t\t\t\r\n\t\t\t\t            \r\n                    <div class=\"entryhead\">\r\n                        \r\n                                            \r\n                        <div class=\"icon-rating tranz\"><\/div>\r\n                        \r\n                        <div class=\"imgwrap\">\r\n                            \r\n                            <a href=\"https:\/\/romanens.net\/?p=1364\">\r\n                                <img loading=\"lazy\" decoding=\"async\" width=\"458\" height=\"640\" src=\"https:\/\/romanens.net\/wp-content\/uploads\/2017\/03\/ALINE\u00a9MercedesRiedy_JL2FMYA8-458x640.jpg\" class=\"standard grayscale grayscale-fade wp-post-image\" alt=\"\" srcset=\"https:\/\/romanens.net\/wp-content\/uploads\/2017\/03\/ALINE\u00a9MercedesRiedy_JL2FMYA8-458x640.jpg 458w, https:\/\/romanens.net\/wp-content\/uploads\/2017\/03\/ALINE\u00a9MercedesRiedy_JL2FMYA8-215x300.jpg 215w, https:\/\/romanens.net\/wp-content\/uploads\/2017\/03\/ALINE\u00a9MercedesRiedy_JL2FMYA8-733x1024.jpg 733w, https:\/\/romanens.net\/wp-content\/uploads\/2017\/03\/ALINE\u00a9MercedesRiedy_JL2FMYA8-768x1073.jpg 768w, https:\/\/romanens.net\/wp-content\/uploads\/2017\/03\/ALINE\u00a9MercedesRiedy_JL2FMYA8-1100x1536.jpg 1100w, https:\/\/romanens.net\/wp-content\/uploads\/2017\/03\/ALINE\u00a9MercedesRiedy_JL2FMYA8-1466x2048.jpg 1466w, https:\/\/romanens.net\/wp-content\/uploads\/2017\/03\/ALINE\u00a9MercedesRiedy_JL2FMYA8-scaled.jpg 1833w\" sizes=\"(max-width: 458px) 100vw, 458px\" \/>                            <\/a>\r\n                    \r\n                        <\/div>\r\n                    \r\n                    <\/div><!-- end .entryhead -->\r\n                    \r\n                    \r\n    \r\n            \t<div class=\"item_inn tranz\">\r\n                \r\n                \t<h2 class=\"posttitle\"><a class=\"link link--forsure\" href=\"https:\/\/romanens.net\/?p=1364\">Et j\u2019ai cri\u00e9 Aline\u00a0<\/a><\/h2>\r\n                \r\n                \t   \r\n\t<p class=\"meta meta_full \">\r\n\t\t<span class=\"post-date\">18 mai 2024<\/span>\r\n    <\/p>\r\n                    \r\n                    <p class=\"teaser\">D\u2019apr\u00e8s Aline de Charles-Ferdinand Ramuz par Romanens & Format A\u20193\nDur\u00e9e: 1h40 \u2014 Tout public d\u00e8s 12 ans<span class=\"helip\">...<\/span><\/p>\r\n                \r\n                \t   \r\n\t<span class=\"meta_more \">\r\n    \t\t<a class=\"p-border\" href=\"https:\/\/romanens.net\/?p=1364\">Lire plus...<\/a>\r\n\r\n    <\/span>\r\n                     \r\n                \r\n                <\/div><!-- end .item_inn -->\r\n        \r\n            <\/div>          \t<div class=\"item masonry_item p-border post-6081 post type-post status-publish format-standard has-post-thumbnail hentry category-homepage category-theatre\">               \t\r\n\t\t\t\r\n\t\t\t\t            \r\n                    <div class=\"entryhead\">\r\n                        \r\n                                            \r\n                        <div class=\"icon-rating tranz\"><\/div>\r\n                        \r\n                        <div class=\"imgwrap\">\r\n                            \r\n                            <a href=\"https:\/\/romanens.net\/?p=6081\">\r\n                                <img loading=\"lazy\" decoding=\"async\" width=\"458\" height=\"310\" src=\"https:\/\/romanens.net\/wp-content\/uploads\/2022\/10\/\u00a9-Mercedes-Riedy_HD_1153-458x310.jpg\" class=\"standard grayscale grayscale-fade wp-post-image\" alt=\"\" srcset=\"https:\/\/romanens.net\/wp-content\/uploads\/2022\/10\/\u00a9-Mercedes-Riedy_HD_1153-458x310.jpg 458w, https:\/\/romanens.net\/wp-content\/uploads\/2022\/10\/\u00a9-Mercedes-Riedy_HD_1153-300x203.jpg 300w, https:\/\/romanens.net\/wp-content\/uploads\/2022\/10\/\u00a9-Mercedes-Riedy_HD_1153-1024x694.jpg 1024w, https:\/\/romanens.net\/wp-content\/uploads\/2022\/10\/\u00a9-Mercedes-Riedy_HD_1153-768x520.jpg 768w, https:\/\/romanens.net\/wp-content\/uploads\/2022\/10\/\u00a9-Mercedes-Riedy_HD_1153-1536x1041.jpg 1536w, https:\/\/romanens.net\/wp-content\/uploads\/2022\/10\/\u00a9-Mercedes-Riedy_HD_1153-2048x1388.jpg 2048w\" sizes=\"(max-width: 458px) 100vw, 458px\" \/>                            <\/a>\r\n                    \r\n                        <\/div>\r\n                    \r\n                    <\/div><!-- end .entryhead -->\r\n                    \r\n                    \r\n    \r\n            \t<div class=\"item_inn tranz\">\r\n                \r\n                \t<h2 class=\"posttitle\"><a class=\"link link--forsure\" href=\"https:\/\/romanens.net\/?p=6081\">VOISARD, vous avez dit Voisard&#8230;\u00a0<\/a><\/h2>\r\n                \r\n                \t   \r\n\t<p class=\"meta meta_full \">\r\n\t\t<span class=\"post-date\">16 mai 2024<\/span>\r\n    <\/p>\r\n                    \r\n                    <p class=\"teaser\">Thierry Romanens & Alexandre Voisard\nDur\u00e9e : 75 minutes \u2014 d\u00e8s 12 ans<span class=\"helip\">...<\/span><\/p>\r\n                \r\n                \t   \r\n\t<span class=\"meta_more \">\r\n    \t\t<a class=\"p-border\" href=\"https:\/\/romanens.net\/?p=6081\">Lire plus...<\/a>\r\n\r\n    <\/span>\r\n                     \r\n                \r\n                <\/div><!-- end .item_inn -->\r\n        \r\n            <\/div>          \t<div class=\"item masonry_item p-border post-6094 post type-post status-publish format-standard has-post-thumbnail hentry category-homepage category-theatre\">               \t\r\n\t\t\t\r\n\t\t\t\t            \r\n                    <div class=\"entryhead\">\r\n                        \r\n                                            \r\n                        <div class=\"icon-rating tranz\"><\/div>\r\n                        \r\n                        <div class=\"imgwrap\">\r\n                            \r\n                            <a href=\"https:\/\/romanens.net\/?p=6094\">\r\n                                <img loading=\"lazy\" decoding=\"async\" width=\"458\" height=\"313\" src=\"https:\/\/romanens.net\/wp-content\/uploads\/2022\/10\/Capture-de\u0301cran-2022-10-26-a\u0300-17.28.35-458x313.png\" class=\"standard grayscale grayscale-fade wp-post-image\" alt=\"\" srcset=\"https:\/\/romanens.net\/wp-content\/uploads\/2022\/10\/Capture-de\u0301cran-2022-10-26-a\u0300-17.28.35-458x313.png 458w, https:\/\/romanens.net\/wp-content\/uploads\/2022\/10\/Capture-de\u0301cran-2022-10-26-a\u0300-17.28.35-300x205.png 300w, https:\/\/romanens.net\/wp-content\/uploads\/2022\/10\/Capture-de\u0301cran-2022-10-26-a\u0300-17.28.35-768x525.png 768w, https:\/\/romanens.net\/wp-content\/uploads\/2022\/10\/Capture-de\u0301cran-2022-10-26-a\u0300-17.28.35.png 928w\" sizes=\"(max-width: 458px) 100vw, 458px\" \/>                            <\/a>\r\n                    \r\n                        <\/div>\r\n                    \r\n                    <\/div><!-- end .entryhead -->\r\n                    \r\n                    \r\n    \r\n            \t<div class=\"item_inn tranz\">\r\n                \r\n                \t<h2 class=\"posttitle\"><a class=\"link link--forsure\" href=\"https:\/\/romanens.net\/?p=6094\">Transpiration<\/a><\/h2>\r\n                \r\n                \t   \r\n\t<p class=\"meta meta_full \">\r\n\t\t<span class=\"post-date\">15 mai 2024<\/span>\r\n    <\/p>\r\n                    \r\n                    <p class=\"teaser\">Thierry Romanens & Fabian Tharin\nDur\u00e9e : 75 minutes \u2014 d\u00e8s 12 ans<span class=\"helip\">...<\/span><\/p>\r\n                \r\n                \t   \r\n\t<span class=\"meta_more \">\r\n    \t\t<a class=\"p-border\" href=\"https:\/\/romanens.net\/?p=6094\">Lire plus...<\/a>\r\n\r\n    <\/span>\r\n                     \r\n                \r\n                <\/div><!-- end .item_inn -->\r\n        \r\n            <\/div>                    \r\n            \t<\/div>\r\n            \r\n\t\t\t<\/div>\r\n\t\t\t<div class=\"clearfix\"><\/div>\r\n\t\t\r\n\t\t\t\t\t\t<\/div>\n\t\t\t\t<\/div>\n\t\t\t\t\t<\/div>\n\t\t<\/div>\n\t\t\t\t\t<\/div>\n\t\t<\/section>\n\t\t\t\t<section class=\"elementor-section elementor-top-section elementor-element elementor-element-f0772f8 elementor-section-boxed elementor-section-height-default elementor-section-height-default\" data-id=\"f0772f8\" data-element_type=\"section\" data-settings=\"{&quot;background_background&quot;:&quot;classic&quot;}\">\n\t\t\t\t\t\t<div class=\"elementor-container elementor-column-gap-no\">\n\t\t\t\t\t<div class=\"elementor-column elementor-col-100 elementor-top-column elementor-element elementor-element-b3ea7e9\" data-id=\"b3ea7e9\" data-element_type=\"column\">\n\t\t\t<div class=\"elementor-widget-wrap elementor-element-populated\">\n\t\t\t\t\t\t<div class=\"elementor-element elementor-element-00c07c8 elementor-widget elementor-widget-wp-widget-cultera_eleblog_masonry\" data-id=\"00c07c8\" data-element_type=\"widget\" data-widget_type=\"wp-widget-cultera_eleblog_masonry.default\">\n\t\t\t\t<div class=\"elementor-widget-container\">\n\t\t\t\t\t\t\t\r\n\t\t\t\t\r\n        \t            \r\n\t\t\t            <div class=\"layout_masonry_2\">\r\n            \r\n            \t<div class=\"blogger\">\r\n            \r\n\t\t\t\t\t          \t<div class=\"item masonry_item p-border post-6375 post type-post status-publish format-standard has-post-thumbnail hentry category-encreation category-theatre\">               \t\r\n\t\t\t\r\n\t\t\t\t            \r\n                    <div class=\"entryhead\">\r\n                        \r\n                                            \r\n                        <div class=\"icon-rating tranz\"><\/div>\r\n                        \r\n                        <div class=\"imgwrap\">\r\n                            \r\n                            <a href=\"https:\/\/romanens.net\/?p=6375\">\r\n                                <img loading=\"lazy\" decoding=\"async\" width=\"458\" height=\"420\" src=\"https:\/\/romanens.net\/wp-content\/uploads\/2023\/01\/homme_histoire-458x420.png\" class=\"standard grayscale grayscale-fade wp-post-image\" alt=\"\" srcset=\"https:\/\/romanens.net\/wp-content\/uploads\/2023\/01\/homme_histoire-458x420.png 458w, https:\/\/romanens.net\/wp-content\/uploads\/2023\/01\/homme_histoire-300x275.png 300w, https:\/\/romanens.net\/wp-content\/uploads\/2023\/01\/homme_histoire-768x704.png 768w, https:\/\/romanens.net\/wp-content\/uploads\/2023\/01\/homme_histoire.png 866w\" sizes=\"(max-width: 458px) 100vw, 458px\" \/>                            <\/a>\r\n                    \r\n                        <\/div>\r\n                    \r\n                    <\/div><!-- end .entryhead -->\r\n                    \r\n                    \r\n    \r\n            \t<div class=\"item_inn tranz\">\r\n                \r\n                \t<h2 class=\"posttitle\"><a class=\"link link--forsure\" href=\"https:\/\/romanens.net\/?p=6375\">L&#8217;homme qui racontait des histoires<\/a><\/h2>\r\n                \r\n                \t   \r\n\t<p class=\"meta meta_full \">\r\n\t\t<span class=\"post-date\">16 janvier 2023<\/span>\r\n    <\/p>\r\n                    \r\n                    <p class=\"teaser\">Las des mis\u00e8res du monde et surtout soucieux de l\u2019\u00e9tat de\nsant\u00e9 de sa m\u00e8re, Fran\u00e7ois,<span class=\"helip\">...<\/span><\/p>\r\n                \r\n                \t   \r\n\t<span class=\"meta_more \">\r\n    \t\t<a class=\"p-border\" href=\"https:\/\/romanens.net\/?p=6375\">Lire plus...<\/a>\r\n\r\n    <\/span>\r\n                     \r\n                \r\n                <\/div><!-- end .item_inn -->\r\n        \r\n            <\/div>                    \r\n            \t<\/div>\r\n            \r\n\t\t\t<\/div>\r\n\t\t\t<div class=\"clearfix\"><\/div>\r\n\t\t\r\n\t\t\t\t\t\t<\/div>\n\t\t\t\t<\/div>\n\t\t\t\t\t<\/div>\n\t\t<\/div>\n\t\t\t\t\t<\/div>\n\t\t<\/section>\n\t\t\t\t<\/div>\n\t\t","protected":false},"excerpt":{"rendered":"<div class=\"tmnf_excerpt clearfix\"><p>Nos cr\u00e9ations<\/p>\n<\/div>","protected":false},"author":1,"featured_media":0,"parent":0,"menu_order":0,"comment_status":"closed","ping_status":"closed","template":"homepage.php","meta":{"footnotes":""},"class_list":["post-5640","page","type-page","status-publish","hentry"],"_links":{"self":[{"href":"https:\/\/romanens.net\/index.php?rest_route=\/wp\/v2\/pages\/5640","targetHints":{"allow":["GET"]}}],"collection":[{"href":"https:\/\/romanens.net\/index.php?rest_route=\/wp\/v2\/pages"}],"about":[{"href":"https:\/\/romanens.net\/index.php?rest_route=\/wp\/v2\/types\/page"}],"author":[{"embeddable":true,"href":"https:\/\/romanens.net\/index.php?rest_route=\/wp\/v2\/users\/1"}],"replies":[{"embeddable":true,"href":"https:\/\/romanens.net\/index.php?rest_route=%2Fwp%2Fv2%2Fcomments&post=5640"}],"version-history":[{"count":37,"href":"https:\/\/romanens.net\/index.php?rest_route=\/wp\/v2\/pages\/5640\/revisions"}],"predecessor-version":[{"id":6906,"href":"https:\/\/romanens.net\/index.php?rest_route=\/wp\/v2\/pages\/5640\/revisions\/6906"}],"wp:attachment":[{"href":"https:\/\/romanens.net\/index.php?rest_route=%2Fwp%2Fv2%2Fmedia&parent=5640"}],"curies":[{"name":"wp","href":"https:\/\/api.w.org\/{rel}","templated":true}]}}