{"id":5590,"date":"2018-05-28T12:58:31","date_gmt":"2018-05-28T12:58:31","guid":{"rendered":"http:\/\/dannci.wpmasters.org\/cultera\/?page_id=5590"},"modified":"2026-02-11T15:29:23","modified_gmt":"2026-02-11T15:29:23","slug":"about-us","status":"publish","type":"page","link":"https:\/\/romanens.net\/?page_id=5590","title":{"rendered":"Salut la Compagnie"},"content":{"rendered":"\t\t<div data-elementor-type=\"wp-post\" data-elementor-id=\"5590\" class=\"elementor elementor-5590\">\n\t\t\t\t\t\t<section class=\"elementor-section elementor-top-section elementor-element elementor-element-21c1263e elementor-section-boxed elementor-section-height-default elementor-section-height-default\" data-id=\"21c1263e\" data-element_type=\"section\" data-settings=\"{&quot;background_background&quot;:&quot;classic&quot;}\">\n\t\t\t\t\t\t\t<div class=\"elementor-background-overlay\"><\/div>\n\t\t\t\t\t\t\t<div class=\"elementor-container elementor-column-gap-wide\">\n\t\t\t\t\t<div class=\"elementor-column elementor-col-100 elementor-top-column elementor-element elementor-element-1c8c0e46\" data-id=\"1c8c0e46\" data-element_type=\"column\">\n\t\t\t<div class=\"elementor-widget-wrap elementor-element-populated\">\n\t\t\t\t\t\t<section class=\"elementor-section elementor-inner-section elementor-element elementor-element-3b737b3a elementor-section-boxed elementor-section-height-default elementor-section-height-default\" data-id=\"3b737b3a\" data-element_type=\"section\">\n\t\t\t\t\t\t<div class=\"elementor-container elementor-column-gap-no\">\n\t\t\t\t\t<div class=\"elementor-column elementor-col-50 elementor-inner-column elementor-element elementor-element-59fec99f\" data-id=\"59fec99f\" data-element_type=\"column\">\n\t\t\t<div class=\"elementor-widget-wrap elementor-element-populated\">\n\t\t\t\t\t\t<div class=\"elementor-element elementor-element-b696427 elementor-invisible elementor-widget elementor-widget-image\" data-id=\"b696427\" data-element_type=\"widget\" data-settings=\"{&quot;_animation&quot;:&quot;fadeIn&quot;}\" data-widget_type=\"image.default\">\n\t\t\t\t<div class=\"elementor-widget-container\">\n\t\t\t\t\t\t\t\t\t\t\t\t\t\t\t<img fetchpriority=\"high\" decoding=\"async\" width=\"458\" height=\"209\" src=\"http:\/\/romanens.net\/wp-content\/uploads\/2022\/11\/salutlacompagnie_blanc-e1667483882769-458x209.png\" class=\"attachment-cultera_small size-cultera_small wp-image-6156\" alt=\"\" srcset=\"http:\/\/romanens.net\/wp-content\/uploads\/2022\/11\/salutlacompagnie_blanc-e1667483882769-458x209.png 458w, http:\/\/romanens.net\/wp-content\/uploads\/2022\/11\/salutlacompagnie_blanc-e1667483882769-300x137.png 300w, http:\/\/romanens.net\/wp-content\/uploads\/2022\/11\/salutlacompagnie_blanc-e1667483882769.png 577w\" sizes=\"(max-width: 458px) 100vw, 458px\" \/>\t\t\t\t\t\t\t\t\t\t\t\t\t\t\t<\/div>\n\t\t\t\t<\/div>\n\t\t\t\t<div class=\"elementor-element elementor-element-282fcd4e elementor-widget elementor-widget-heading\" data-id=\"282fcd4e\" data-element_type=\"widget\" data-widget_type=\"heading.default\">\n\t\t\t\t<div class=\"elementor-widget-container\">\n\t\t\t\t\t<h2 class=\"elementor-heading-title elementor-size-default\">La Compagnie a pour but \u00ab la production et la\ndiffusion des projets artistiques con\u00e7us, \u00e9crits ou r\u00e9alis\u00e9s\npar Thierry Romanens \u00bb.<\/h2>\t\t\t\t<\/div>\n\t\t\t\t<\/div>\n\t\t\t\t\t<\/div>\n\t\t<\/div>\n\t\t\t\t<div class=\"elementor-column elementor-col-50 elementor-inner-column elementor-element elementor-element-1803d399\" data-id=\"1803d399\" data-element_type=\"column\">\n\t\t\t<div class=\"elementor-widget-wrap\">\n\t\t\t\t\t\t\t<\/div>\n\t\t<\/div>\n\t\t\t\t\t<\/div>\n\t\t<\/section>\n\t\t\t\t\t<\/div>\n\t\t<\/div>\n\t\t\t\t\t<\/div>\n\t\t<\/section>\n\t\t\t\t<section class=\"elementor-section elementor-top-section elementor-element elementor-element-29183475 elementor-section-boxed elementor-section-height-default elementor-section-height-default\" data-id=\"29183475\" data-element_type=\"section\" data-settings=\"{&quot;background_background&quot;:&quot;classic&quot;}\">\n\t\t\t\t\t\t<div class=\"elementor-container elementor-column-gap-wide\">\n\t\t\t\t\t<div class=\"elementor-column elementor-col-50 elementor-top-column elementor-element elementor-element-387efc55\" data-id=\"387efc55\" data-element_type=\"column\">\n\t\t\t<div class=\"elementor-widget-wrap elementor-element-populated\">\n\t\t\t\t\t\t<div class=\"elementor-element elementor-element-70eee1d elementor-widget elementor-widget-heading\" data-id=\"70eee1d\" data-element_type=\"widget\" data-widget_type=\"heading.default\">\n\t\t\t\t<div class=\"elementor-widget-container\">\n\t\t\t\t\t<h2 class=\"elementor-heading-title elementor-size-default\">th\u00e9\u00e2tre  |  direction artistique  |  musique<\/h2>\t\t\t\t<\/div>\n\t\t\t\t<\/div>\n\t\t\t\t<div class=\"elementor-element elementor-element-04a975f elementor-widget-divider--view-line elementor-widget elementor-widget-divider\" data-id=\"04a975f\" data-element_type=\"widget\" data-widget_type=\"divider.default\">\n\t\t\t\t<div class=\"elementor-widget-container\">\n\t\t\t\t\t\t\t<div class=\"elementor-divider\">\n\t\t\t<span class=\"elementor-divider-separator\">\n\t\t\t\t\t\t<\/span>\n\t\t<\/div>\n\t\t\t\t\t\t<\/div>\n\t\t\t\t<\/div>\n\t\t\t\t<section class=\"elementor-section elementor-inner-section elementor-element elementor-element-5ab329b elementor-section-boxed elementor-section-height-default elementor-section-height-default\" data-id=\"5ab329b\" data-element_type=\"section\">\n\t\t\t\t\t\t<div class=\"elementor-container elementor-column-gap-no\">\n\t\t\t\t\t<div class=\"elementor-column elementor-col-50 elementor-inner-column elementor-element elementor-element-919c64a\" data-id=\"919c64a\" data-element_type=\"column\">\n\t\t\t<div class=\"elementor-widget-wrap elementor-element-populated\">\n\t\t\t\t\t\t<div class=\"elementor-element elementor-element-35883110 elementor-widget elementor-widget-text-editor\" data-id=\"35883110\" data-element_type=\"widget\" data-widget_type=\"text-editor.default\">\n\t\t\t\t<div class=\"elementor-widget-container\">\n\t\t\t\t\t\t\t\t\t<p>N\u00e9 en 1963 en Alsace, son grand-p\u00e8re suisse, gruy\u00e9rien. A 16 ans \u00e0 Colmar, il monte son premier groupe de musique folk. A 18 ans, lors d\u2019un stage avec le marionnettiste Bj\u00f6rn Fu\u0308ller, premi\u00e8re r\u00e9v\u00e9lation postadolescente: il est possible d\u2019exercer un m\u00e9tier plaisant.<\/p><p>\u00a0<\/p><p>Il joue ensuite dans des caf\u00e9-th\u00e9\u00e2tres, des spectacles musicaux, avant d\u2019arriver en Suisse en<\/p><p>1987, o\u00f9 il fonde le trio d\u2019humour Bretelle 007 avec lequel il fera plus de 300 dates, puis cr\u00e9era deux spectacles solo. En 1996, il fonde Salut la Compagnie.<\/p><p>\u00a0<\/p>\t\t\t\t\t\t\t\t<\/div>\n\t\t\t\t<\/div>\n\t\t\t\t\t<\/div>\n\t\t<\/div>\n\t\t\t\t<div class=\"elementor-column elementor-col-50 elementor-inner-column elementor-element elementor-element-7e88d33\" data-id=\"7e88d33\" data-element_type=\"column\">\n\t\t\t<div class=\"elementor-widget-wrap elementor-element-populated\">\n\t\t\t\t\t\t<div class=\"elementor-element elementor-element-5126bd81 elementor-widget elementor-widget-text-editor\" data-id=\"5126bd81\" data-element_type=\"widget\" data-widget_type=\"text-editor.default\">\n\t\t\t\t<div class=\"elementor-widget-container\">\n\t\t\t\t\t\t\t\t\t<p>D\u00e8s 1998, la chanson revient au premier plan, Romanens donne de nombreux concerts dans toute la<\/p><p>francophonie et publie cinq albums.<\/p><p>\u00a0<\/p><p>C\u2019est en 2007 qu\u2019il rencontre<\/p><p>Alexandre Voisard, po\u00e8te jurassien. Avec le trio Format A\u20193, il met en musique ses po\u00e8mes. Ce fut une seconde r\u00e9v\u00e9lation, qui initiera ce qui constitue d\u00e9sormais la patte<\/p><p>de son travail artistique, m\u00ealer litt\u00e9rature et musique, chant et th\u00e9\u00e2tre.<\/p><p>\u00a0<\/p><p>Il a en outre rec\u0327u le Prix suisse de la sce\u0300ne en 1998 et le Prix culturel vaudois en 2006, et obtient la convention a\u0300 dure\u0301e de\u0301termine\u0301e du Canton de Vaud en 2020.<\/p><p>\u00a0<\/p>\t\t\t\t\t\t\t\t<\/div>\n\t\t\t\t<\/div>\n\t\t\t\t\t<\/div>\n\t\t<\/div>\n\t\t\t\t\t<\/div>\n\t\t<\/section>\n\t\t\t\t\t<\/div>\n\t\t<\/div>\n\t\t\t\t<div class=\"elementor-column elementor-col-50 elementor-top-column elementor-element elementor-element-7a8b6ad4\" data-id=\"7a8b6ad4\" data-element_type=\"column\">\n\t\t\t<div class=\"elementor-widget-wrap elementor-element-populated\">\n\t\t\t\t\t\t<div class=\"elementor-element elementor-element-557ba95c elementor-widget elementor-widget-image\" data-id=\"557ba95c\" data-element_type=\"widget\" data-widget_type=\"image.default\">\n\t\t\t\t<div class=\"elementor-widget-container\">\n\t\t\t\t\t\t\t\t\t\t\t\t\t\t\t<img decoding=\"async\" width=\"458\" height=\"720\" src=\"http:\/\/romanens.net\/wp-content\/uploads\/2022\/10\/Thierry2-458x720.jpg\" class=\"attachment-cultera_small size-cultera_small wp-image-6003\" alt=\"\" srcset=\"http:\/\/romanens.net\/wp-content\/uploads\/2022\/10\/Thierry2-458x720.jpg 458w, http:\/\/romanens.net\/wp-content\/uploads\/2022\/10\/Thierry2-191x300.jpg 191w, http:\/\/romanens.net\/wp-content\/uploads\/2022\/10\/Thierry2-652x1024.jpg 652w, http:\/\/romanens.net\/wp-content\/uploads\/2022\/10\/Thierry2-768x1207.jpg 768w, http:\/\/romanens.net\/wp-content\/uploads\/2022\/10\/Thierry2-978x1536.jpg 978w, http:\/\/romanens.net\/wp-content\/uploads\/2022\/10\/Thierry2.jpg 1054w\" sizes=\"(max-width: 458px) 100vw, 458px\" \/>\t\t\t\t\t\t\t\t\t\t\t\t\t\t\t<\/div>\n\t\t\t\t<\/div>\n\t\t\t\t\t<\/div>\n\t\t<\/div>\n\t\t\t\t\t<\/div>\n\t\t<\/section>\n\t\t\t\t<section class=\"elementor-section elementor-top-section elementor-element elementor-element-1f1b7cb9 elementor-section-boxed elementor-section-height-default elementor-section-height-default\" data-id=\"1f1b7cb9\" data-element_type=\"section\">\n\t\t\t\t\t\t<div class=\"elementor-container elementor-column-gap-wider\">\n\t\t\t\t\t<div class=\"elementor-column elementor-col-25 elementor-top-column elementor-element elementor-element-6dfe7bad\" data-id=\"6dfe7bad\" data-element_type=\"column\" data-settings=\"{&quot;background_background&quot;:&quot;classic&quot;}\">\n\t\t\t<div class=\"elementor-widget-wrap elementor-element-populated\">\n\t\t\t\t\t\t<div class=\"elementor-element elementor-element-1f0603f1 elementor-widget elementor-widget-heading\" data-id=\"1f0603f1\" data-element_type=\"widget\" data-widget_type=\"heading.default\">\n\t\t\t\t<div class=\"elementor-widget-container\">\n\t\t\t\t\t<h2 class=\"elementor-heading-title elementor-size-large\">En bonne compagnie<\/h2>\t\t\t\t<\/div>\n\t\t\t\t<\/div>\n\t\t\t\t<div class=\"elementor-element elementor-element-4245f19a elementor-widget elementor-widget-text-editor\" data-id=\"4245f19a\" data-element_type=\"widget\" data-widget_type=\"text-editor.default\">\n\t\t\t\t<div class=\"elementor-widget-container\">\n\t\t\t\t\t\t\t\t\t<p>\u00a0<\/p><p>Le terreau de cr\u00e9ativit\u00e9 qu\u2019est la compagnie n\u00e9cessite de la professionnaliser pour permettre aux projets de se construire et de rayonner, notamment au niveau de l\u2019administration, la communication et la diffusion.<\/p><p>\u00a0<\/p>\t\t\t\t\t\t\t\t<\/div>\n\t\t\t\t<\/div>\n\t\t\t\t<div class=\"elementor-element elementor-element-57d0534 elementor-position-right elementor-vertical-align-top elementor-widget elementor-widget-image-box\" data-id=\"57d0534\" data-element_type=\"widget\" data-widget_type=\"image-box.default\">\n\t\t\t\t<div class=\"elementor-widget-container\">\n\t\t\t\t\t<div class=\"elementor-image-box-wrapper\"><figure class=\"elementor-image-box-img\"><img decoding=\"async\" width=\"538\" height=\"263\" src=\"http:\/\/romanens.net\/wp-content\/uploads\/2022\/11\/salutlacompagnie-e1667483673695.png\" class=\"attachment-full size-full wp-image-6152\" alt=\"\" srcset=\"https:\/\/romanens.net\/wp-content\/uploads\/2022\/11\/salutlacompagnie-e1667483673695.png 538w, https:\/\/romanens.net\/wp-content\/uploads\/2022\/11\/salutlacompagnie-e1667483673695-300x147.png 300w, https:\/\/romanens.net\/wp-content\/uploads\/2022\/11\/salutlacompagnie-e1667483673695-458x224.png 458w\" sizes=\"(max-width: 538px) 100vw, 538px\" \/><\/figure><\/div>\t\t\t\t<\/div>\n\t\t\t\t<\/div>\n\t\t\t\t\t<\/div>\n\t\t<\/div>\n\t\t\t\t<div class=\"elementor-column elementor-col-25 elementor-top-column elementor-element elementor-element-1afd8bd1\" data-id=\"1afd8bd1\" data-element_type=\"column\">\n\t\t\t<div class=\"elementor-widget-wrap elementor-element-populated\">\n\t\t\t\t\t\t<div class=\"elementor-element elementor-element-43314de4 elementor-widget__width-initial elementor-position-top elementor-widget elementor-widget-image-box\" data-id=\"43314de4\" data-element_type=\"widget\" data-widget_type=\"image-box.default\">\n\t\t\t\t<div class=\"elementor-widget-container\">\n\t\t\t\t\t<div class=\"elementor-image-box-wrapper\"><figure class=\"elementor-image-box-img\"><img loading=\"lazy\" decoding=\"async\" width=\"1800\" height=\"800\" src=\"http:\/\/romanens.net\/wp-content\/uploads\/2026\/02\/cropped-logo3-site-internet-2-1800x800.jpg\" class=\"attachment-ele_slider size-ele_slider wp-image-6931\" alt=\"\" \/><\/figure><div class=\"elementor-image-box-content\"><h4 class=\"elementor-image-box-title\">Minuit Pile<\/h4><p class=\"elementor-image-box-description\"><span style=\"font-family: Helvetica;font-size: 15px;font-style: normal;text-align: start;white-space: normal\">Administration, finance<\/span><span style=\"font-family: Helvetica;font-size: 15px;font-style: normal;text-align: start;white-space: normal\">, production, communication et diffusion<\/span><\/p><\/div><\/div>\t\t\t\t<\/div>\n\t\t\t\t<\/div>\n\t\t\t\t\t<\/div>\n\t\t<\/div>\n\t\t\t\t<div class=\"elementor-column elementor-col-25 elementor-top-column elementor-element elementor-element-189eced6\" data-id=\"189eced6\" data-element_type=\"column\">\n\t\t\t<div class=\"elementor-widget-wrap elementor-element-populated\">\n\t\t\t\t\t\t<div class=\"elementor-element elementor-element-4fda4397 elementor-position-top elementor-widget elementor-widget-image-box\" data-id=\"4fda4397\" data-element_type=\"widget\" data-widget_type=\"image-box.default\">\n\t\t\t\t<div class=\"elementor-widget-container\">\n\t\t\t\t\t<div class=\"elementor-image-box-wrapper\"><figure class=\"elementor-image-box-img\"><img decoding=\"async\" src=\"http:\/\/romanens.net\/wp-content\/uploads\/elementor\/thumbs\/thierry-q0sj6wyleqn8je4qvwx9u4y6hvhosgxiv30ottwyxc.png\" title=\"thierry\" alt=\"thierry\" loading=\"lazy\" \/><\/figure><div class=\"elementor-image-box-content\"><h4 class=\"elementor-image-box-title\">Thierry Romanens<\/h4><p class=\"elementor-image-box-description\">\u00abJe chante, je gueule, je joue\u00bb  lorsqu\u2019on lui\ndemande sa profession, avant de compl\u00e9ter :<br> \u00ab faut tout\napprendre, tout bouffer, pour se rappeler que nous ne\nsommes pas les ma\u00eetres du monde \u00bb.<\/p><\/div><\/div>\t\t\t\t<\/div>\n\t\t\t\t<\/div>\n\t\t\t\t\t<\/div>\n\t\t<\/div>\n\t\t\t\t<div class=\"elementor-column elementor-col-25 elementor-top-column elementor-element elementor-element-44f7a8f8\" data-id=\"44f7a8f8\" data-element_type=\"column\">\n\t\t\t<div class=\"elementor-widget-wrap elementor-element-populated\">\n\t\t\t\t\t\t\t<\/div>\n\t\t<\/div>\n\t\t\t\t\t<\/div>\n\t\t<\/section>\n\t\t\t\t<\/div>\n\t\t","protected":false},"excerpt":{"rendered":"<div class=\"tmnf_excerpt clearfix\"><p>La Compagnie a pour but \u00ab la production et la diffusion des projets artistiques con\u00e7us, \u00e9crits ou r\u00e9alis\u00e9s par Thierry Romanens \u00bb. th\u00e9\u00e2tre | direction artistique | musique N\u00e9 en 1963 en Alsace, son grand-p\u00e8re suisse, gruy\u00e9rien. A 16 ans \u00e0 Colmar, il monte son premier groupe de musique folk. A 18 ans, lors d\u2019un &hellip;<\/p>\n<\/div>","protected":false},"author":1,"featured_media":0,"parent":0,"menu_order":0,"comment_status":"closed","ping_status":"closed","template":"homepage.php","meta":{"footnotes":""},"class_list":["post-5590","page","type-page","status-publish","hentry"],"_links":{"self":[{"href":"https:\/\/romanens.net\/index.php?rest_route=\/wp\/v2\/pages\/5590","targetHints":{"allow":["GET"]}}],"collection":[{"href":"https:\/\/romanens.net\/index.php?rest_route=\/wp\/v2\/pages"}],"about":[{"href":"https:\/\/romanens.net\/index.php?rest_route=\/wp\/v2\/types\/page"}],"author":[{"embeddable":true,"href":"https:\/\/romanens.net\/index.php?rest_route=\/wp\/v2\/users\/1"}],"replies":[{"embeddable":true,"href":"https:\/\/romanens.net\/index.php?rest_route=%2Fwp%2Fv2%2Fcomments&post=5590"}],"version-history":[{"count":32,"href":"https:\/\/romanens.net\/index.php?rest_route=\/wp\/v2\/pages\/5590\/revisions"}],"predecessor-version":[{"id":6934,"href":"https:\/\/romanens.net\/index.php?rest_route=\/wp\/v2\/pages\/5590\/revisions\/6934"}],"wp:attachment":[{"href":"https:\/\/romanens.net\/index.php?rest_route=%2Fwp%2Fv2%2Fmedia&parent=5590"}],"curies":[{"name":"wp","href":"https:\/\/api.w.org\/{rel}","templated":true}]}}